{"id":126,"date":"2021-01-13T12:23:57","date_gmt":"2021-01-13T10:23:57","guid":{"rendered":"https:\/\/warelia.fi\/?page_id=126"},"modified":"2025-12-21T19:54:12","modified_gmt":"2025-12-21T17:54:12","slug":"warelian_kirjailijaksi","status":"publish","type":"page","link":"https:\/\/warelia.fi\/index.php\/warelian_kirjailijaksi\/","title":{"rendered":"Warelian kirjailijaksi?"},"content":{"rendered":"\n<p><em>P\u00e4ivitys 15.5.2025. <\/em><\/p>\n\n\n\n<p>Julkaisuohjelmamme on t\u00e4ll\u00e4 hetkell\u00e4 <strong>k\u00e4yt\u00e4nn\u00f6ss\u00e4 t\u00e4ynn\u00e4 vuoden 2026 loppuun asti<\/strong>.<strong> <\/strong>Parhaillaan suunnittelemme vuosien 2027 ja 2028 julkaisuohjelmia.<\/p>\n\n\n\n<p>Vuotta 2027 koskevassa muistiossamme on jo kymmenkunta tiedossa olevaa, tekeill\u00e4 tai suunnitteilla olevaa ja todenn\u00e4k\u00f6isesti julkaistavaa kirjaa, sek\u00e4 kaunokirjallisuutta ett\u00e4 tietokirjallisuutta, mutta tilaa on viel\u00e4 jonkin verran. <strong>Vuoden 2027 osalta olemme t\u00e4ss\u00e4 vaiheessa kiinnostuneita l\u00e4hinn\u00e4 uusista lyhyehk\u00f6ist\u00e4 tieto- ja tiedekirjaehdotuksista. Meit\u00e4 kiinnostavat t\u00e4ll\u00e4 hetkell\u00e4 my\u00f6s lapsille ja nuorille suunnatut tietokirjat ja oppaat.<\/strong><\/p>\n\n\n\n<p><strong>Kaunokirjallisuuden osalta vuosien 2026 ja 2027 julkaisuohjelmassamme on en\u00e4\u00e4 tilaa enint\u00e4\u00e4n parille uudelle runo-, lyhytproosa- tai n\u00e4ytelm\u00e4teokselle<\/strong> sek\u00e4 Warelialla jo ennenkin julkaisseiden kirjailijoiden romaaneille. <strong>Emme pysty t\u00e4ll\u00e4 hetkell\u00e4 ottamaan uusia romaanik\u00e4sikirjoituksia vastaan muilta kuin Warelialla jo ennenkin julkaisseilta kirjailijoilta.<\/strong><\/p>\n\n\n\n<p>Yll\u00e4 sanotusta huolimatta <strong>poikkeuksellisen hyville k\u00e4sikirjoituksille ja kirjaideoille voi aina l\u00f6yty\u00e4 tilaa, my\u00f6s sellaisille, joita emme olisi osanneet lainkaan ajatella<\/strong>. Tutustu kuitenkin itse etuk\u00e4teen Warelian t\u00e4h\u00e4nastiseen tuotantoon, niin pystyt p\u00e4\u00e4ttelem\u00e4\u00e4n, voisiko k\u00e4sikirjoituksesi tai kirjaideasi sytytt\u00e4\u00e4 my\u00f6s meid\u00e4t.  Viel\u00e4 helpommin ja kattavammin saat kuvan Warelian painotuksista ja toimintatavoista lukemalla dosentti Mikko Lahtisen teoksen <a href=\"https:\/\/holvi.com\/shop\/tyrvaanpryki\/product\/27239c1bc10c18511c69990f4f80ffb9\/\">&#8221;Kirja on pitk\u00e4 ajatus&#8221;<\/a>, jossa tarkastellaan Warelian koko tuotantoa vuoden 2022 loppuun asti ja luodaan samalla yleiskuvaa suomalaisesta kirjakulttuurista ja kirjankustannusalan kehityksest\u00e4. Voit tilata kirjan yll\u00e4 olevan linkin kautta suoraan kotiin. Painotuksemme ovat tosin osin muuttuneet tuon kirjan julkaisemisen j\u00e4lkeen. T\u00e4ss\u00e4 yhteydess\u00e4 voi viel\u00e4 korostaa, ett\u00e4 lapsille ja nuorille suunnatut lyhyet, kielellisesti ja kerronnallisesti korkealaatuiset tietokirjat kiinnostavat meit\u00e4 nyt erityisesti. Kuvakirjat eiv\u00e4t ole meid\u00e4n lajiamme.<\/p>\n\n\n\n<p>Toivomme joka tapauksessa k\u00e4rsiv\u00e4llisyytt\u00e4. Emme pysty t\u00e4ll\u00e4 hetkell\u00e4 omista ty\u00f6tilanteistamme johtuen paneutumaan kaikkiin uusiin k\u00e4sikirjoituksiin emmek\u00e4 v\u00e4ltt\u00e4m\u00e4tt\u00e4 vastaa viesteihink\u00e4\u00e4n s\u00e4\u00e4llisess\u00e4 ajassa. Emme my\u00f6sk\u00e4\u00e4n pysty vastaamaan puheluihin.<\/p>\n\n\n\n<p><strong>Eniten ilahdumme juuri nyt suhteellisen lyhyiden tietokirjojen k\u00e4sikirjoituksista<\/strong>. K\u00e4rjist\u00e4en voi sanoa, ett\u00e4 mit\u00e4 lyhyempi, sit\u00e4 parempi. Esimerkiksi Word-liuskoina laskien noin 75\u2013150 liuskaa on oikein hyv\u00e4 laajuus, ja jopa vain 50-liuskainen k\u00e4sikirjoitus voi olla riitt\u00e4v\u00e4n pitk\u00e4.&nbsp;(Kustannustoimittamisen aikana k\u00e4sikirjoitukset meill\u00e4 usein hieman laajenevat, kun kustannustoimittaja pyyt\u00e4\u00e4 kirjoittajaa kertomaan erityisen kiinnostavista asioista viel\u00e4 havainnollisemmin ja yksityiskohtaisemmin. Lis\u00e4ksi valmiin kirjan painettujen sivujen m\u00e4\u00e4r\u00e4 on tietysti yleens\u00e4 aina selv\u00e4sti suurempi kuin tietokoneella kirjoitettujen Word-liuskojen m\u00e4\u00e4r\u00e4.)<\/p>\n\n\n\n<p><strong><strong>Jos k\u00e4sikirjoituksellesi on selv\u00e4, akuutti tarve esimerkiksi koulutusk\u00e4yt\u00f6ss\u00e4, jonkin alan ammattilaisille hy\u00f6dyllisen\u00e4 k\u00e4sikirjana tai maallikoiden kaipaamana k\u00e4yt\u00e4nn\u00f6llisen\u00e4 oppaana, se voi lis\u00e4t\u00e4 julkaisumahdollisuuksia huomattavasti.<\/strong>&nbsp;<\/strong>Warelia on julkaissut muun muassa poliisikoulutuksessa k\u00e4ytett\u00e4vi\u00e4 oppikirjoja ja k\u00e4sikirjoja. &#8221;Tarve&#8221; voi olla hyvin monenlainen; p\u00e4\u00e4asia on, ett\u00e4 kirjasta on k\u00e4yt\u00e4nn\u00f6n hy\u00f6ty\u00e4 riitt\u00e4v\u00e4n monelle lukijalle ja ett\u00e4 riitt\u00e4v\u00e4n moni lukija tarvitsee kirjan my\u00f6s omakseen.<\/p>\n\n\n\n<p><strong>Toisaalta julkaisuohjelmassamme on totta kai jatkossakin paikka my\u00f6s sellaisille historia-, kulttuuri- ja kirjallisuusaiheita k\u00e4sitteleville tietokirjoille, jotka lis\u00e4\u00e4v\u00e4t olennaisesti tietoa ja ymm\u00e4rryst\u00e4 ja joiden voi odottaa kiinnostavan n\u00e4ist\u00e4 aihepiireist\u00e4 kiinnostuneita lukijoita<\/strong>. Warelia on julkaissut viime vuosina esimerkiksi useita merkitt\u00e4vi\u00e4 historiateoksia, jotka korjaavat t\u00e4h\u00e4nastisen historiankirjoituksen ja\/tai yleisen tiet\u00e4myksen puutteita, myyttej\u00e4 ja virheit\u00e4. Osa teoksista on eritt\u00e4in laajoja (laajimmassa per\u00e4ti 1180 sivua plus 64 sivua kuvaliitteit\u00e4), mutta useat noin parisataasivuisia. Kirjojen aiheet voivat liitty\u00e4 johonkin ajanjaksoon ja silloin el\u00e4neisiin arvoituksellisiin, huonosti tunnettuihin henkil\u00f6ihin, kuten  vuonna 2022 palkitut tietokirjat Marko A. Hautalan <a href=\"https:\/\/holvi.com\/shop\/tyrvaanpryki\/product\/431d61fa0b32075007e9403222b115c7\/\" data-type=\"URL\" data-id=\"https:\/\/holvi.com\/shop\/tyrvaanpryki\/product\/431d61fa0b32075007e9403222b115c7\/\">&#8221;ALGOTH \u2013 Kapinallinen kyn\u00e4mies&#8221;<\/a> (ilmestyi kes\u00e4ll\u00e4 2021) ja Kimmo Lehtim\u00e4en <a href=\"https:\/\/holvi.com\/shop\/tyrvaanpryki\/product\/726794fbeacedd632a2c05b87ce1ff75\/\" data-type=\"URL\" data-id=\"https:\/\/holvi.com\/shop\/tyrvaanpryki\/product\/726794fbeacedd632a2c05b87ce1ff75\/\">&#8221;Taistelijat&#8221;<\/a> (ilmestyy syksyll\u00e4 2025). Erityisen laajojen ja runsaasti kuvitettujen teosten kustannusp\u00e4\u00e4t\u00f6s on nyky\u00e4\u00e4n erityisen huolellisen kannattavuusharkinnan takana, koska niiden tuottaminen tulee kalliiksi kaikissa vaiheissaan.<\/p>\n\n\n\n<p>Kirja voi keskitty\u00e4 my\u00f6s johonkin hyvin rajattuun tapahtumasarjaan, esimerkiksi yksitt\u00e4isiin rikostapauksiin ja niiden tutkimukseen, kuten Roosa Rentolan <a href=\"https:\/\/holvi.com\/shop\/tyrvaanpryki\/product\/9b635682e754994af5ceb58ef55c6040\/\" data-type=\"URL\" data-id=\"https:\/\/holvi.com\/shop\/tyrvaanpryki\/product\/9b635682e754994af5ceb58ef55c6040\/\">&#8221;Kielest\u00e4 kiinni &#8211; Kuinka kielentutkimusta k\u00e4ytet\u00e4\u00e4n rikosten selvitt\u00e4misess\u00e4&#8221; <\/a>(2019), tai muuhun yksitt\u00e4iseen historialliseen tapahtumaan, kuten Mikko K. Heikkil\u00e4n <a href=\"https:\/\/holvi.com\/shop\/tyrvaanpryki\/product\/c1064e51582b91bb741345a62fcfbd6b\/\" data-type=\"URL\" data-id=\"https:\/\/holvi.com\/shop\/tyrvaanpryki\/product\/c1064e51582b91bb741345a62fcfbd6b\/\">&#8221;Heinien herrat \u2013 Suomen historian pisin perinne&#8221;<\/a> (2022). T\u00e4llaiset, kirjoittajan syv\u00e4lliseen yksitt\u00e4isen aiheen erityisasiantuntemukseen perustuvat tieto- ja tiedekirjat kiinnostavat meit\u00e4 erityisen paljon my\u00f6s jatkossa.<\/p>\n\n\n\n<p>Yli nelj\u00e4nnes Warelian t\u00e4h\u00e4nastisista kirjoista k\u00e4sittelee paikallisia aiheita, ja t\u00e4llaisille kirjoille meill\u00e4 voi olla viel\u00e4 tilaa my\u00f6s vuoden 2027 ohjelmassa. <strong>Meit\u00e4 kiinnostavat lyhyehk\u00f6t k\u00e4sikirjoitukset, jotka liittyv\u00e4t Suomessa johonkin tiettyyn seutuun, sen historiaan ja nykyhetkeen, ihmisiin, yrityksiin ja omaleimaisiin ilmi\u00f6ihin, eik\u00e4 sill\u00e4 ole v\u00e4li\u00e4, minne p\u00e4in Suomea kirjat sijoittuvat. <\/strong>Kirja voi tietysti olla samaan aikaan sek\u00e4 paikallisesti ett\u00e4 maanlaajuisesti kiinnostava, kuten esimerkiksi Kirsimarja Jalosen <a href=\"https:\/\/holvi.com\/shop\/tyrvaanpryki\/product\/2ffe51c9443dab48b3a7eed1f4fe4e74\/\" data-type=\"URL\" data-id=\"https:\/\/holvi.com\/shop\/tyrvaanpryki\/product\/2ffe51c9443dab48b3a7eed1f4fe4e74\/\">&#8221;R\u00f6pp\u00e4 <\/a><a href=\"https:\/\/holvi.com\/shop\/tyrvaanpryki\/product\/2ffe51c9443dab48b3a7eed1f4fe4e74\/\">\u2013<\/a> <a href=\"https:\/\/holvi.com\/shop\/tyrvaanpryki\/product\/2ffe51c9443dab48b3a7eed1f4fe4e74\/\" data-type=\"URL\" data-id=\"https:\/\/holvi.com\/shop\/tyrvaanpryki\/product\/2ffe51c9443dab48b3a7eed1f4fe4e74\/\">Tyrv\u00e4\u00e4n r\u00e4yh\u00e4henki&#8221;<\/a> (2022) on ollut. Pitk\u00e4lle ty\u00f6stettyjen k\u00e4sikirjoitusten lis\u00e4ksi olemme kiinnostuneita my\u00f6s hyvist\u00e4 kirjaideoista, joista voimme l\u00e4hte\u00e4 tekem\u00e4\u00e4n yhdess\u00e4 totta.<\/p>\n\n\n\n<p><strong>Warelia julkaisee my\u00f6s osin yhteisty\u00f6kumppanien ennakkotilauksilla tai avustuksilla rahoitettuja tietokirjoja<\/strong>. My\u00f6s t\u00e4ll\u00e4 tavalla mahdollistettujen kirjojen on aina ylitett\u00e4v\u00e4 Warelian aito julkaisukynnys. Julkaisemme vain kirjoja, jotka ovat mielest\u00e4mme korkeatasoisia ja kiinnostavia ja t\u00e4rkeit\u00e4. T\u00e4llaisia kirjoja voimme joskus pysty\u00e4 julkaisemaan nopeallakin aikataululla. <strong>T\u00e4llaisella yhteisrahoitusmallilla voimme pysty\u00e4 julkaisemaan joitakin kirjoja jo vuonna 2026, nopeimmillaan kev\u00e4\u00e4ll\u00e4 2026.<\/strong><\/p>\n\n\n\n<p><strong>Yhteisty\u00f6kumppaneinamme ovat olleet muun muassa monet valtakunnalliset j\u00e4rjest\u00f6t, suuret ja pienet yritykset, oppilaitokset, kunnat, sotaveteraanien yhdistykset ja kirjailijoiden nimikkoyhdistykset sek\u00e4 kotiseutuyhdistykset ja sukuseurat.<\/strong> Esimerkiksi Kaija Sepposen kirjan <a href=\"https:\/\/holvi.com\/shop\/tyrvaanpryki\/product\/fb9ed0644a9caf9a2c331745f7a68fc7\/\" data-type=\"URL\" data-id=\"https:\/\/holvi.com\/shop\/tyrvaanpryki\/product\/fb9ed0644a9caf9a2c331745f7a68fc7\/\">&#8221;Sururisti <\/a><a href=\"https:\/\/holvi.com\/shop\/tyrvaanpryki\/product\/2ffe51c9443dab48b3a7eed1f4fe4e74\/\">\u2013<\/a> Kertomus suomalaisista sotaorvoista&#8221; (2020) julkaisemisen mahdollisti Kaatuneitten Omaisten Liiton merkitt\u00e4v\u00e4 ennakkotilaus. Paikallisesta yritysyhteisty\u00f6st\u00e4 k\u00e4y hyv\u00e4ksi esimerkiksi <a href=\"https:\/\/holvi.com\/shop\/tyrvaanpryki\/product\/be8dc1e14df37f5a3efdc3ce92b32609\/\" data-type=\"URL\" data-id=\"https:\/\/holvi.com\/shop\/tyrvaanpryki\/product\/be8dc1e14df37f5a3efdc3ce92b32609\/\">&#8221;HYVV\u00c4\u00c4! <\/a><a href=\"https:\/\/holvi.com\/shop\/tyrvaanpryki\/product\/2ffe51c9443dab48b3a7eed1f4fe4e74\/\">\u2013<\/a> <a href=\"https:\/\/holvi.com\/shop\/tyrvaanpryki\/product\/be8dc1e14df37f5a3efdc3ce92b32609\/\" data-type=\"URL\" data-id=\"https:\/\/holvi.com\/shop\/tyrvaanpryki\/product\/be8dc1e14df37f5a3efdc3ce92b32609\/\">Sastamalan ruokaperinnekirja&#8221;<\/a> (2019), joka toteutettiin yhteisty\u00f6ss\u00e4 muutamien kymmenien eri ruoka- ja ravitsemusalan yritysten ja oppilaitosten kanssa. Elokuussa 2025 julkaisemme suomennetun teoksen <a href=\"https:\/\/holvi.com\/shop\/tyrvaanpryki\/product\/fba78a21fad58cb6c668d8e953e34458\/\" data-type=\"URL\" data-id=\"https:\/\/holvi.com\/shop\/tyrvaanpryki\/product\/fba78a21fad58cb6c668d8e953e34458\/\">&#8221;Lapset pakenivat holokaustia&#8221;<\/a>, jonka suomentajan palkkion maksoi yhdistys.<\/p>\n\n\n\n<p>Warelia julkaisee my\u00f6s vertaisarvioituja tiedekirjoja. Warelia painottaa julkaisuohjelmaan harkittavien tieteellisten k\u00e4sikirjoitusten valinnassa k\u00e4sikirjoituksesta ilmenev\u00e4\u00e4 relevanttien aineistojen perinpohjaista tuntemusta, huolellista kokonaisvaikutelmaa, argumentoinnin uskottavuutta sek\u00e4 tulosten omaper\u00e4isyytt\u00e4 ja uutuusarvoa. Warelia aloitti vertaisarviointimenettelyn alkuvuonna 2025. Warelia noudattaa vertaisarviointiprosessissa <a href=\"https:\/\/www.tsv.fi\/fi\/palvelut\/tunnus\/lisatietoa-vertaisarvioinnista\">Tieteellisten seurain valtuuskunnan julkaisemaan malliin<\/a> perustuvia toimintatapoja. Prosessi on kuvattu alla p\u00e4\u00e4piirteitt\u00e4in kymmenkohtaisena luetelmana.<\/p>\n\n\n\n<h1>Warelian tiedekirjojen vertaisarviointiprosessi<\/h1>\n\n\n\n<div class=\"wp-block-group\"><div class=\"wp-block-group__inner-container\">\n<ol><li>Kustantaja tekee alustavan arvion k\u00e4sikirjoituksen sopivuudesta julkaistavaksi vertaisarvioituna tiedekirjana ja p\u00e4\u00e4tt\u00e4\u00e4 vertaisarviointiprosessin k\u00e4ynnist\u00e4misest\u00e4 yhteisymm\u00e4rryksess\u00e4 kirjoittajan\/kirjoittajien kanssa.<\/li><li>Kustantaja pyyt\u00e4\u00e4 lausunnot k\u00e4sikirjoituksen tieteellisest\u00e4 julkaisukelpoisuudesta v\u00e4hint\u00e4\u00e4n kahdelta arviointiteht\u00e4v\u00e4\u00e4n kutsutulta henkil\u00f6lt\u00e4.<\/li><li>Arvioijat ovat kustantajan valitsemia ja suhteessa arvioitavaan k\u00e4sikirjoitukseen riippumattomia v\u00e4itelleit\u00e4 tutkijoita tai muita tieteenalan asiantuntijoita.<\/li><li>Arvioijat toimivat anonyymisti tai avoimesti. Vertaisarvioinnin vaiheet dokumentteineen tallennetaan. Julkaisuehdotus ja arvioijien nimet s\u00e4ilytet\u00e4\u00e4n kaikkien arvioitujen k\u00e4sikirjoitusten osalta.<\/li><li>Arvioijaksi ei voida valita henkil\u00f6\u00e4, joka on k\u00e4sikirjoituksen kirjoittajan\/kirjoittajien l\u00e4hisukulainen tai joka toimii kirjoittajan\/kirjoittajien esimiehen\u00e4, alaisena tai ty\u00f6n ohjaajana tai jolla on ollut yhteisi\u00e4 julkaisuja kirjoittajan\/kirjoittajien kanssa viimeisten kolmen vuoden aikana.<\/li><li>Prosessissa arvioidaan aineiston kattavuutta, teoreettisen viitekehyksen hallintaa, tutkimuksen toteutuksen luotettavuutta ja tarkkuutta sek\u00e4 tulosten omaper\u00e4isyytt\u00e4 ja uutuusarvoa suhteessa aiempaan tutkimukseen tieteenalalle ominaisella tavalla. Arvioijia pyydet\u00e4\u00e4n kertomaan my\u00f6s, millaisin t\u00e4ydennyksin k\u00e4sikirjoitusta olisi heid\u00e4n mielest\u00e4\u00e4n parannettavissa.<\/li><li>Kukin arvioija esitt\u00e4\u00e4 joko julkaisuehdotuksen hylk\u00e4\u00e4mist\u00e4 tai sen hyv\u00e4ksymist\u00e4 sellaisenaan tai erikseen kirjatuin muutos- ja\/tai t\u00e4ydennysehdotuksin.<\/li><li>Lausuntojen pohjalta kustantaja tekee lopullisen p\u00e4\u00e4t\u00f6ksen tarjotun k\u00e4sikirjoituksen julkaisemisesta ja kirjoittajalta\/kirjoittajilta edellytetyist\u00e4 muutoksista ja\/tai t\u00e4ydennyksist\u00e4.<\/li><li>Kirjoittajalle\/Kirjoittajille l\u00e4hetet\u00e4\u00e4n 90 p\u00e4iv\u00e4n kuluessa arviointiprosessin k\u00e4ynnist\u00e4misest\u00e4 tieto julkaisuehdotuksen hyv\u00e4ksymisest\u00e4 tai hylk\u00e4\u00e4misest\u00e4 sek\u00e4 mahdolliset julkaisemisen edellytyksen\u00e4 pidett\u00e4v\u00e4t k\u00e4sikirjoituksen muutosehdotukset. Samalla kirjoittajalle\/kirjoittajille l\u00e4hetet\u00e4\u00e4n joko arvioijien lausunnot sellaisinaan tai kustantajan niist\u00e4 tekem\u00e4 kooste tai tiivistelm\u00e4.<\/li><li>Vertaisarvioinnin j\u00e4lkeen k\u00e4sikirjoitukseen tehd\u00e4\u00e4n tarpeen mukaan my\u00f6s muita kuin vertaisarvioijien ehdottamia muokkauksia. (L\u00e4hes kaikkien Warelian julkaisemien kirjojen tavanomaiseen kustannustoimittamisprosessiin kuuluu tekstin rakennemuokkausta, sis\u00e4ll\u00f6n t\u00e4ydent\u00e4mist\u00e4 ja karsintaa ja kielellist\u00e4 viimeistely\u00e4 yhteisymm\u00e4rryksess\u00e4 kirjoittajan\/kirjoittajien kanssa.)<\/li><\/ol>\n\n\n\n<p>Warelian tiedekirjoilla ei viel\u00e4 toistaiseksi ole JUFO-luokitusta.<\/p>\n<\/div><\/div>\n\n\n\n<p>&#8212;&#8212;&#8212;&#8212;&#8212;&#8212;&#8212;&#8212;&#8212;&#8212;&#8212;&#8212;&#8212;&#8212;&#8212;&#8212;&#8212;&#8212;&#8212;&#8212;&#8212;&#8212;&#8212;&#8212;&#8212;&#8212;&#8212;<\/p>\n\n\n\n<p><\/p>\n\n\n\n<p>Jos haluat l\u00e4hett\u00e4\u00e4 oman k\u00e4sikirjoituksesi meille luettavaksi tai jos haluaisit puhua lis\u00e4\u00e4 kirjaideastasi tai muusta mahdollisesta yhteisty\u00f6st\u00e4 Warelian kanssa, l\u00e4het\u00e4 aina ensin s\u00e4hk\u00f6postia osoitteeseen <a href=\"mailto:w@warelia.fi\" data-type=\"mailto\" data-id=\"mailto:w@warelia.fi\">w@warelia.fi<\/a>. Tarvittaessa voidaan sopia erikseen aika puhelinkeskusteluun tai tapaamiseenkin, mutta yleens\u00e4 tekstin\u00e4ytteet puhuvat parhaiten puolestaan. L\u00e4het\u00e4 aina kun se on mahdollista joko kokonainen (vaikka hyvin keskener\u00e4inenkin) k\u00e4sikirjoitus tai v\u00e4hint\u00e4\u00e4n usean sivun mittainen n\u00e4yte. Ymm\u00e4rr\u00e4mme ett\u00e4 odottavan aika on pitk\u00e4\u00e4, mutta pyyd\u00e4mme k\u00e4rsiv\u00e4llisyytt\u00e4si: p\u00e4\u00e4asiana meille on vied\u00e4 hyvin l\u00e4pi ne kirjaprojektit, joihin jo olemme sitoutuneet. T\u00e4m\u00e4n vuoksi emme my\u00f6sk\u00e4\u00e4n enn\u00e4t\u00e4 aina vastata k\u00e4sikirjoitusehdotuksiin l\u00e4hesk\u00e4\u00e4n niin nopeasti kuin itse haluaisimme, emmek\u00e4 yleens\u00e4 voi antaa mit\u00e4\u00e4n palautetta muista k\u00e4sikirjoituksista kuin niist\u00e4, joiden julkaisemisesta kiinnostumme.<\/p>\n\n\n\n<p>K\u00e4sikirjoituksesi voit l\u00e4hett\u00e4\u00e4 joko postitse osoitteeseen Warelia, Marttilankatu 13, 38200 Sastamala tai s\u00e4hk\u00f6postitse osoitteeseen&nbsp;<a href=\"mailto:w@warelia.fi\">w@warelia.fi<\/a>. S\u00e4hk\u00f6postitse l\u00e4hetettyjen tiedostojen toivomme olevan pdf-muodossa.<\/p>\n\n\n\n<hr class=\"wp-block-separator\"\/>\n\n\n\n<div class=\"wp-block-columns\">\n<div class=\"wp-block-column\">\n<p><strong>K\u00e4sikirjoitukset<\/strong><br>Marttilankatu 13<br>38200 Sastamala<br>w@warelia.fi<\/p>\n<\/div>\n\n\n\n<div class=\"wp-block-column\">\n<p><strong>Kirjailijayhteydet<\/strong><br>Kustannustoimittaja<br>Salla Yli-Erkkil\u00e4<br>salla@warelia.fi<\/p>\n<\/div>\n\n\n\n<div class=\"wp-block-column\">\n<p><strong>Yhteisty\u00f6ratkaisut<\/strong><br>Kustantaja                    <br>Marko Vesterbacka marko@warelia.fi<\/p>\n<\/div>\n<\/div>\n\n\n\n<p><\/p>\n","protected":false},"excerpt":{"rendered":"<p>P\u00e4ivitys 15.5.2025. Julkaisuohjelmamme on t\u00e4ll\u00e4 hetkell\u00e4 k\u00e4yt\u00e4nn\u00f6ss\u00e4 t\u00e4ynn\u00e4 vuoden 2026 loppuun asti. Parhaillaan suunnittelemme vuosien 2027 ja 2028 julkaisuohjelmia. Vuotta 2027 koskevassa muistiossamme on jo kymmenkunta tiedossa olevaa, tekeill\u00e4 tai suunnitteilla olevaa ja todenn\u00e4k\u00f6isesti julkaistavaa kirjaa, sek\u00e4 kaunokirjallisuutta ett\u00e4 tietokirjallisuutta, mutta tilaa on viel\u00e4 jonkin verran. Vuoden 2027 osalta olemme&#8230;<\/p>\n","protected":false},"author":3,"featured_media":0,"parent":0,"menu_order":3,"comment_status":"closed","ping_status":"closed","template":"","meta":[],"_links":{"self":[{"href":"https:\/\/warelia.fi\/index.php\/wp-json\/wp\/v2\/pages\/126"}],"collection":[{"href":"https:\/\/warelia.fi\/index.php\/wp-json\/wp\/v2\/pages"}],"about":[{"href":"https:\/\/warelia.fi\/index.php\/wp-json\/wp\/v2\/types\/page"}],"author":[{"embeddable":true,"href":"https:\/\/warelia.fi\/index.php\/wp-json\/wp\/v2\/users\/3"}],"replies":[{"embeddable":true,"href":"https:\/\/warelia.fi\/index.php\/wp-json\/wp\/v2\/comments?post=126"}],"version-history":[{"count":69,"href":"https:\/\/warelia.fi\/index.php\/wp-json\/wp\/v2\/pages\/126\/revisions"}],"predecessor-version":[{"id":1436,"href":"https:\/\/warelia.fi\/index.php\/wp-json\/wp\/v2\/pages\/126\/revisions\/1436"}],"wp:attachment":[{"href":"https:\/\/warelia.fi\/index.php\/wp-json\/wp\/v2\/media?parent=126"}],"curies":[{"name":"wp","href":"https:\/\/api.w.org\/{rel}","templated":true}]}}