{"id":163,"date":"2021-01-13T12:49:07","date_gmt":"2021-01-13T10:49:07","guid":{"rendered":"https:\/\/warelia.fi\/?page_id=163"},"modified":"2026-02-02T18:12:27","modified_gmt":"2026-02-02T16:12:27","slug":"kokemuksen_aani","status":"publish","type":"page","link":"https:\/\/warelia.fi\/","title":{"rendered":"Kirjoja ihmisille jotka osaavat lukea"},"content":{"rendered":"\n<p>P\u00e4ivitys 2.2.2026: Kes\u00e4t\u00f6ihin kirjankustantamoon? <a href=\"https:\/\/warelia.fi\/index.php\/2026\/02\/02\/kesatoihin-kirjankustantamoon-2\/\" data-type=\"URL\" data-id=\"https:\/\/warelia.fi\/index.php\/2026\/02\/02\/kesatoihin-kirjankustantamoon-2\/\">Lue lis\u00e4\u00e4<\/a> ja hae 8.2. menness\u00e4.<\/p>\n\n\n\n<p>Kev\u00e4\u00e4n 2026 uudet kirjat:<\/p>\n\n\n\n<figure class=\"wp-block-embed-issuu wp-block-embed is-type-rich is-provider-issuu\"><div class=\"wp-block-embed__wrapper\">\n<iframe title=\"WARELIA Kev\u00e4\u00e4n 2026 uudet kirjat\" src=\"https:\/\/e.issuu.com\/embed.html?u=warelia&#038;d=warelia_kev_n_2026_uudet_kirjat\" style=\"border:none; width: 790px; height: 606px;\" allow=\"clipboard-write,allow-top-navigation,allow-top-navigation-by-user-activation,allow-downloads,allow-scripts,allow-same-origin,allow-popups,allow-modals,allow-popups-to-escape-sandbox,allow-forms\"  allowfullscreen=\"true\"><\/iframe>\n<\/div><\/figure>\n\n\n\n<p><\/p>\n\n\n\n<p>Pitk\u00e4n linjan toimittaja ja tv-kasvo Anne Flinkkil\u00e4 haastattelee Kimmo Lehtim\u00e4ke\u00e4 Tampere-talossa lauantaina 29.11. kello 16. Lehtim\u00e4en juuri ilmestynyt kirja &#8221;Taistelijat&#8221; on vuoden t\u00e4rkeimpi\u00e4 historiateoksia. <a href=\"https:\/\/warelia.fi\/index.php\/2025\/11\/22\/anne-flinkkila-haastattelee-kimmo-lehtimakea-tampere-talossa-lauantaina-29-11-kello-16\/\">Lue lis\u00e4\u00e4<\/a>.<\/p>\n\n\n\n<figure class=\"wp-block-image size-large\"><a href=\"https:\/\/warelia.fi\/index.php\/2025\/11\/22\/anne-flinkkila-haastattelee-kimmo-lehtimakea-tampere-talossa-lauantaina-29-11-kello-16\/\"><img loading=\"lazy\" width=\"1024\" height=\"576\" src=\"https:\/\/warelia.fi\/wp-content\/uploads\/2025\/11\/Kimmo-Lehtimaki-Taistelijat-Haastattelija_Anne-Flinkkila-Lauantai-1600-Sorsapuistolava-1-1024x576.jpg\" alt=\"\" class=\"wp-image-1410\" srcset=\"https:\/\/warelia.fi\/wp-content\/uploads\/2025\/11\/Kimmo-Lehtimaki-Taistelijat-Haastattelija_Anne-Flinkkila-Lauantai-1600-Sorsapuistolava-1-1024x576.jpg 1024w, https:\/\/warelia.fi\/wp-content\/uploads\/2025\/11\/Kimmo-Lehtimaki-Taistelijat-Haastattelija_Anne-Flinkkila-Lauantai-1600-Sorsapuistolava-1-300x169.jpg 300w, https:\/\/warelia.fi\/wp-content\/uploads\/2025\/11\/Kimmo-Lehtimaki-Taistelijat-Haastattelija_Anne-Flinkkila-Lauantai-1600-Sorsapuistolava-1-768x432.jpg 768w, https:\/\/warelia.fi\/wp-content\/uploads\/2025\/11\/Kimmo-Lehtimaki-Taistelijat-Haastattelija_Anne-Flinkkila-Lauantai-1600-Sorsapuistolava-1-1536x864.jpg 1536w, https:\/\/warelia.fi\/wp-content\/uploads\/2025\/11\/Kimmo-Lehtimaki-Taistelijat-Haastattelija_Anne-Flinkkila-Lauantai-1600-Sorsapuistolava-1.jpg 1920w\" sizes=\"(max-width: 1024px) 100vw, 1024px\" \/><\/a><figcaption>Anne Flinkkil\u00e4n kuva: Tarja Virolainen.<\/figcaption><\/figure>\n\n\n\n<p><\/p>\n\n\n\n<p>Uusin Wareliaani-lehti (2025-2026) julkaistiin lokakuussa 2025: <\/p>\n\n\n<p><iframe allowfullscreen=\"true\" allow=\"fullscreen\" style=\"border:none;width:100%;height:500px;\" src=\"\/\/e.issuu.com\/embed.html?d=wareliaani_2025-2026&amp;doAutoflipPages=true&amp;u=warelia\"><\/iframe><\/p>\n\n\n\n<h1>Heikki Halilan teos \u201dProfessori ja valtiomies\u201d on ehdolla P.E. Svinhufvudin muistos\u00e4\u00e4ti\u00f6n kirjapalkinnon saajaksi<\/h1>\n\n\n\n<p>P.E. Svinhufvudin muistos\u00e4\u00e4ti\u00f6n hallitus on nimennyt ehdokkaat vuoden 2025 kirjapalkintonsa saajiksi. Ehdolla on kuusi teosta: Heikki Halilan \u201dProfessori ja valtiomies\u201d (Warelia), Alexander Stubbin \u201dVallan kolmio\u201d (Otava), Liisa-Maria Hakala-Zilliacuksen \u201dPresidentin tyt\u00e4r (Siltala), Helena Pilken \u201dSanomalehtien sis\u00e4llissota\u201d (Vastapaino), Lasse Kankaan \u201dSanan voimalla\u201d (Verbatum) ja Sauli Niinist\u00f6n \u201dKaikki tiet turvaan\u201d (WSOY).<\/p>\n\n\n\n<p>Lue <a href=\"https:\/\/www.svinhufvudinmuistosaatio.fi\/ajankohtaista\/p-e-svinhufvudin-muistosaation-kirjapalkintoehdokkaat-vuonna-2025\/\">kunkin ehdokkaan nime\u00e4misen perustelut<\/a>:<\/p>\n\n\n\n<figure class=\"wp-block-image size-large\"><img loading=\"lazy\" width=\"929\" height=\"720\" src=\"https:\/\/warelia.fi\/wp-content\/uploads\/2025\/09\/Kirjapalkintoehdokkaat-2025-1.jpg\" alt=\"\" class=\"wp-image-1271\" srcset=\"https:\/\/warelia.fi\/wp-content\/uploads\/2025\/09\/Kirjapalkintoehdokkaat-2025-1.jpg 929w, https:\/\/warelia.fi\/wp-content\/uploads\/2025\/09\/Kirjapalkintoehdokkaat-2025-1-300x233.jpg 300w, https:\/\/warelia.fi\/wp-content\/uploads\/2025\/09\/Kirjapalkintoehdokkaat-2025-1-768x595.jpg 768w\" sizes=\"(max-width: 929px) 100vw, 929px\" \/><figcaption>P. E. Svinhufvudin muistos\u00e4\u00e4ti\u00f6n kirjapalkintoehdokkaat vuonna 2025.<\/figcaption><\/figure>\n\n\n\n<p><\/p>\n\n\n\n<p><span class=\"has-inline-color has-black-color\"><strong>WARELIAN EHDOKAS VUODEN 2025 KANAVA-PALKINNON SAAJAKSI<\/strong>: Kimmo Lehtim\u00e4en teos <em><em><em>Taistelijat \u2013 Kirjailija Konrad Lehtim\u00e4en ja tuomari Vilho Joutsenlahden kamppailu v\u00e4\u00e4ryytt\u00e4 vastaan<\/em><\/em><\/em> julkistettiin 6.9.2025 Ty\u00f6v\u00e4enkirjallisuuden p\u00e4iv\u00e4ss\u00e4 Tampereella. Julkistamistilaisuudessa kello 16.45\u201317.15 Lehtim\u00e4ke\u00e4 haastatteli Tommi Wallenius<em><em>.<\/em><\/em> <\/span><\/p>\n\n\n\n<p>Alla on YouTube-linkki 9.9.2025 julkaistuun videotallenteeseen julkistustilaisuudesta (kesto 32 min):<\/p>\n\n\n\n<figure class=\"wp-block-embed-youtube wp-block-embed is-type-video is-provider-youtube wp-embed-aspect-16-9 wp-has-aspect-ratio\"><div class=\"wp-block-embed__wrapper\">\n<iframe title=\"TAISTELIJAT-teoksen julkistamistilaisuus 6.9.2025\" width=\"790\" height=\"444\" src=\"https:\/\/www.youtube.com\/embed\/A-4ruDlgEm0?feature=oembed\" frameborder=\"0\" allow=\"accelerometer; autoplay; clipboard-write; encrypted-media; gyroscope; picture-in-picture; web-share\" referrerpolicy=\"strict-origin-when-cross-origin\" allowfullscreen><\/iframe>\n<\/div><\/figure>\n\n\n\n<p><\/p>\n\n\n\n<hr class=\"wp-block-separator\"\/>\n\n\n\n<p><strong>Mik\u00e4 on Warelia?<\/strong><\/p>\n\n\n\n<p>Warelia on itsen\u00e4inen ja omaleimainen yleiskustantamo, joka julkaisee suomenkielist\u00e4 tieto- ja tiedekirjallisuutta sek\u00e4 kaunokirjallisuutta. Julkaisup\u00e4\u00e4t\u00f6ksiss\u00e4 Warelia arvostaa tekij\u00f6iden syv\u00e4llist\u00e4 aiheen tuntemusta, el\u00e4m\u00e4nkokemusta ja kirjallista oma\u00e4\u00e4nisyytt\u00e4. Luotamme lukijoiden \u00e4lyyn ja mottomme on: &#8221;Kirjoja ihmisille jotka osaavat lukea.&#8221;<\/p>\n\n\n\n<p>Warelia perustettiin vuonna 2002. Oman kustannustoimintansa se aloitti vuonna 2007. Nyky\u00e4\u00e4n Warelia julkaisee vuosittain 15\u201320 painettua teosta ja lis\u00e4ksi \u00e4\u00e4nikirjoja ja e-kirjoja. Warelia on&nbsp;<a href=\"https:\/\/kustantajat.fi\/jasenluettelo?member=1986&amp;highlight=warelia\">Suomen Kustannusyhdistyksen j\u00e4senkustantamo<\/a>.<\/p>\n\n\n\n<p>Warelia tekee muutakin kuin kustantaa kirjoja. Ennen oman kustannustoimintansa aloittamista Warelia teki alihankintaa muille kustantajille, mutta sen p\u00e4\u00e4palvelu oli samanniminen projektinhallinta- ja ryhm\u00e4ty\u00f6ohjelmisto.<\/p>\n\n\n\n<p>Kirja-alalla Warelian keskeinen toiminta-ajatus on julkaista laadukkaita kirjoja, jotka ilman Warelian mukanaoloa j\u00e4isiv\u00e4t kokonaan julkaisematta tai tulisivat julkaistuiksi v\u00e4hemm\u00e4n laadukkaina tai j\u00e4isiv\u00e4t vaille ansaitsemaansa huomiota.<\/p>\n\n\n\n<p>Warelia julkaisee my\u00f6s vertaisarvioituja tieteellisi\u00e4 teoksia. Warelia otti vertaisarviointimenettelyn k\u00e4ytt\u00f6\u00f6n alkuvuonna 2025: Lue lis\u00e4\u00e4: <a href=\"https:\/\/warelia.fi\/index.php\/2025\/03\/01\/warelian-tiedekirjojen-vertaisarviointiprosessi\/\">Warelian tiedekirjojen vertaisarviointiprosessi<\/a>.<\/p>\n\n\n\n<p>T\u00e4ll\u00e4 hetkell\u00e4 julkaisuohjelmamme on t\u00e4ynn\u00e4 noin vuoden 2027 alkuun asti. T\u00e4lt\u00e4 sivulta voit lukea, mink\u00e4laiset k\u00e4sikirjoitukset meit\u00e4 kiinnostavat: <a href=\"https:\/\/warelia.fi\/index.php\/warelian_kirjailijaksi\/\">Warelian kirjailijaksi? \u2013 Warelia<\/a>.<\/p>\n\n\n\n<p>Tervetuloa tutustumaan Warelian kirjoihin<a rel=\"noreferrer noopener\" href=\"https:\/\/holvi.com\/shop\/tyrvaanpryki\/\" target=\"_blank\"> Tyrv\u00e4\u00e4n Prykin verkkokauppaan<\/a>. Tyrv\u00e4\u00e4n Pryki on Warelian toimisto, varasto ja kes\u00e4kirjakauppa Suomen kirjap\u00e4\u00e4kaupungin Sastamalan ainutlaatuisessa Kirjakorttelissa.<\/p>\n\n\n\n<p><\/p>\n\n\n\n<figure class=\"wp-block-image size-large\"><img loading=\"lazy\" width=\"777\" height=\"1024\" src=\"https:\/\/warelia.fi\/wp-content\/uploads\/2025\/09\/Kirjallisuuspalkinnot-ja-palkintoehdokkuudet-2024-2025-777x1024.jpg\" alt=\"\" class=\"wp-image-1250\" srcset=\"https:\/\/warelia.fi\/wp-content\/uploads\/2025\/09\/Kirjallisuuspalkinnot-ja-palkintoehdokkuudet-2024-2025-777x1024.jpg 777w, https:\/\/warelia.fi\/wp-content\/uploads\/2025\/09\/Kirjallisuuspalkinnot-ja-palkintoehdokkuudet-2024-2025-227x300.jpg 227w, https:\/\/warelia.fi\/wp-content\/uploads\/2025\/09\/Kirjallisuuspalkinnot-ja-palkintoehdokkuudet-2024-2025-768x1013.jpg 768w, https:\/\/warelia.fi\/wp-content\/uploads\/2025\/09\/Kirjallisuuspalkinnot-ja-palkintoehdokkuudet-2024-2025-1165x1536.jpg 1165w, https:\/\/warelia.fi\/wp-content\/uploads\/2025\/09\/Kirjallisuuspalkinnot-ja-palkintoehdokkuudet-2024-2025.jpg 1481w\" sizes=\"(max-width: 777px) 100vw, 777px\" \/><\/figure>\n\n\n\n<p class=\"has-text-align-left\">Kirjallisuuspalkintoja ja -palkintoehdokkuuksia syksyll\u00e4 2024 ja kev\u00e4\u00e4ll\u00e4 2025.<\/p>\n","protected":false},"excerpt":{"rendered":"<p>P\u00e4ivitys 2.2.2026: Kes\u00e4t\u00f6ihin kirjankustantamoon? Lue lis\u00e4\u00e4 ja hae 8.2. menness\u00e4. Kev\u00e4\u00e4n 2026 uudet kirjat: Pitk\u00e4n linjan toimittaja ja tv-kasvo Anne Flinkkil\u00e4 haastattelee Kimmo Lehtim\u00e4ke\u00e4 Tampere-talossa lauantaina 29.11. kello 16. Lehtim\u00e4en juuri ilmestynyt kirja &#8221;Taistelijat&#8221; on vuoden t\u00e4rkeimpi\u00e4 historiateoksia. Lue lis\u00e4\u00e4. Uusin Wareliaani-lehti (2025-2026) julkaistiin lokakuussa 2025: Heikki Halilan teos \u201dProfessori&#8230;<\/p>\n","protected":false},"author":3,"featured_media":963,"parent":0,"menu_order":0,"comment_status":"closed","ping_status":"closed","template":"","meta":[],"_links":{"self":[{"href":"https:\/\/warelia.fi\/index.php\/wp-json\/wp\/v2\/pages\/163"}],"collection":[{"href":"https:\/\/warelia.fi\/index.php\/wp-json\/wp\/v2\/pages"}],"about":[{"href":"https:\/\/warelia.fi\/index.php\/wp-json\/wp\/v2\/types\/page"}],"author":[{"embeddable":true,"href":"https:\/\/warelia.fi\/index.php\/wp-json\/wp\/v2\/users\/3"}],"replies":[{"embeddable":true,"href":"https:\/\/warelia.fi\/index.php\/wp-json\/wp\/v2\/comments?post=163"}],"version-history":[{"count":231,"href":"https:\/\/warelia.fi\/index.php\/wp-json\/wp\/v2\/pages\/163\/revisions"}],"predecessor-version":[{"id":1458,"href":"https:\/\/warelia.fi\/index.php\/wp-json\/wp\/v2\/pages\/163\/revisions\/1458"}],"wp:featuredmedia":[{"embeddable":true,"href":"https:\/\/warelia.fi\/index.php\/wp-json\/wp\/v2\/media\/963"}],"wp:attachment":[{"href":"https:\/\/warelia.fi\/index.php\/wp-json\/wp\/v2\/media?parent=163"}],"curies":[{"name":"wp","href":"https:\/\/api.w.org\/{rel}","templated":true}]}}