{"id":222,"date":"2021-01-14T12:13:03","date_gmt":"2021-01-14T10:13:03","guid":{"rendered":"https:\/\/warelia.fi\/?page_id=222"},"modified":"2025-09-08T14:17:23","modified_gmt":"2025-09-08T12:17:23","slug":"wareliaani","status":"publish","type":"page","link":"https:\/\/warelia.fi\/index.php\/wareliaani\/","title":{"rendered":"Wareliaani"},"content":{"rendered":"\n<p>Wareliaani on Warelian kirjojen yst\u00e4ville suunnattu kirjallisuuslehti, joka kokoaa ja taustoittaa Warelian kirjasatoa. Lehdess\u00e4 on kirjailijahaastatteluita, lukun\u00e4ytteit\u00e4 kirjoista ja kustannusliikkeen kuulumisia. Siit\u00e4 saa my\u00f6s hyv\u00e4n yleiskuvan Warelian julkaisulinjasta ja sit\u00e4 ohjaavista arvoista. Wareliaania on julkaistu vuodesta 2019 alkaen.<\/p>\n\n\n<p><iframe allowfullscreen=\"true\" allow=\"fullscreen\" style=\"border:none;width:100%;height:500px;\" src=\"\/\/e.issuu.com\/embed.html?d=wareliaani_2025-2026&amp;hideIssuuLogo=true&amp;u=warelia\"><\/iframe><\/p>\n\n\n<p><iframe allowfullscreen=\"true\" allow=\"fullscreen\" style=\"border:none;width:100%;height:500px;\" src=\"\/\/e.issuu.com\/embed.html?d=wareliaani_2023-2024&amp;hideIssuuLogo=true&amp;u=warelia\"><\/iframe><\/p>\n\n\n<p><iframe allowfullscreen=\"true\" allow=\"fullscreen\" style=\"border:none;width:100%;height:500px;\" src=\"\/\/e.issuu.com\/embed.html?d=wareliaani_2021&amp;hideIssuuLogo=true&amp;u=warelia\"><\/iframe><\/p>\n\n\n<p><iframe allowfullscreen=\"true\" allow=\"fullscreen\" style=\"border:none;width:100%;height:500px;\" src=\"\/\/e.issuu.com\/embed.html?d=wareliaani_2020&amp;hideIssuuLogo=true&amp;u=warelia\"><\/iframe><\/p>\n\n\n<p><iframe allowfullscreen=\"true\" allow=\"fullscreen\" style=\"border:none;width:100%;height:326px;\" src=\"\/\/e.issuu.com\/embed.html?d=wareliaani_2019&amp;hideIssuuLogo=true&amp;u=warelia\"><\/iframe><\/p>\n","protected":false},"excerpt":{"rendered":"<p>Wareliaani on Warelian kirjojen yst\u00e4ville suunnattu kirjallisuuslehti, joka kokoaa ja taustoittaa Warelian kirjasatoa. Lehdess\u00e4 on kirjailijahaastatteluita, lukun\u00e4ytteit\u00e4 kirjoista ja kustannusliikkeen kuulumisia. Siit\u00e4 saa my\u00f6s hyv\u00e4n yleiskuvan Warelian julkaisulinjasta ja sit\u00e4 ohjaavista arvoista. Wareliaania on julkaistu vuodesta 2019 alkaen.<\/p>\n","protected":false},"author":3,"featured_media":0,"parent":0,"menu_order":2,"comment_status":"closed","ping_status":"closed","template":"","meta":[],"_links":{"self":[{"href":"https:\/\/warelia.fi\/index.php\/wp-json\/wp\/v2\/pages\/222"}],"collection":[{"href":"https:\/\/warelia.fi\/index.php\/wp-json\/wp\/v2\/pages"}],"about":[{"href":"https:\/\/warelia.fi\/index.php\/wp-json\/wp\/v2\/types\/page"}],"author":[{"embeddable":true,"href":"https:\/\/warelia.fi\/index.php\/wp-json\/wp\/v2\/users\/3"}],"replies":[{"embeddable":true,"href":"https:\/\/warelia.fi\/index.php\/wp-json\/wp\/v2\/comments?post=222"}],"version-history":[{"count":16,"href":"https:\/\/warelia.fi\/index.php\/wp-json\/wp\/v2\/pages\/222\/revisions"}],"predecessor-version":[{"id":1254,"href":"https:\/\/warelia.fi\/index.php\/wp-json\/wp\/v2\/pages\/222\/revisions\/1254"}],"wp:attachment":[{"href":"https:\/\/warelia.fi\/index.php\/wp-json\/wp\/v2\/media?parent=222"}],"curies":[{"name":"wp","href":"https:\/\/api.w.org\/{rel}","templated":true}]}}