{"id":353,"date":"2021-01-15T10:42:43","date_gmt":"2021-01-15T08:42:43","guid":{"rendered":"https:\/\/warelia.fi\/?page_id=353"},"modified":"2021-01-15T10:54:35","modified_gmt":"2021-01-15T08:54:35","slug":"tietosuojaseloste","status":"publish","type":"page","link":"https:\/\/warelia.fi\/index.php\/tietosuojaseloste\/","title":{"rendered":"Tietosuojaseloste"},"content":{"rendered":"\n<h5 id=\"block-e24e04cc-6c3e-4a03-bb1f-38a813a191eb\"><br>Tietosuojaseloste Warelia Kustannus Oy:n sivustolle osoitteessa warelia.fi ja Warelian verkkokaupalle (&#8221;Tyrv\u00e4\u00e4n Prykin verkkokauppa&#8221;) osoitteessa https:\/\/holvi.com\/shop\/tyrvaanpryki\/.<\/h5>\n\n\n\n<p id=\"block-c91da68e-bb95-4cbd-90ed-3280251fb739\">Voit tarkistaa t\u00e4st\u00e4 selosteesta, miten sinun henkil\u00f6tietojasi k\u00e4sitell\u00e4\u00e4n Warelian sivustolla ja Tyrv\u00e4\u00e4n Prykin verkkokaupassa.<\/p>\n\n\n\n<p id=\"block-b4b42ca4-a467-4d78-9129-13b0089d149a\">REKISTERIN PIT\u00c4J\u00c4: Warelia Kustannus Oy \/ Tyrv\u00e4\u00e4n Prykin verkkokauppa, Marttilankatu 13, 38200 Sastamala, puh. 050 3469 175, y-tunnus 3102573-7, ALV-rekisteriss\u00e4.<\/p>\n\n\n\n<p id=\"block-acd4fb06-cdd7-4c29-b1f0-c8abbfca9429\">YHTEYDENOTOT REKISTERI\u00c4 KOSKEVISSA ASIOISSA: Marko Vesterbacka, Warelia Kustannus Oy \/ Tyrv\u00e4\u00e4n Prykin verkkokauppa, Marttilankatu 13, 38200 Sastamala.<\/p>\n\n\n\n<p id=\"block-d8b1ba9d-3616-4a97-8434-f18975d2adf8\">REKISTERIN NIMI: Tyrv\u00e4\u00e4n Prykin verkkokaupan asiakasrekisteri.<\/p>\n\n\n\n<p id=\"block-3cbfc231-242f-43b9-adf6-49da442b68d1\">HENKIL\u00d6TIETOJEN K\u00c4SITTELYN TARKOITUS JA K\u00c4SITTELYN OIKEUSPERUSTE: Tyrv\u00e4\u00e4n Prykin asiakasrekisterin tarkoitus on tehd\u00e4 mahdolliseksi asiakkaiden tilausten k\u00e4sittely, toimittaminen ja arkistointi sek\u00e4 asiakassuhteen hoitaminen. Tietoja voidaan k\u00e4ytt\u00e4\u00e4 yrityksen toiminnan kehitt\u00e4miseen sek\u00e4 tilastollisiin tarkoituksiin. Henkil\u00f6tietoja k\u00e4sitell\u00e4\u00e4n henkil\u00f6tietolain sallimissa ja edellytt\u00e4miss\u00e4 rajoissa, eik\u00e4 tietoja luovuteta eteenp\u00e4in. Tietojen k\u00e4sittelyn oikeusperuste on sopimus asiakkaan kanssa. Tietoja ei k\u00e4ytet\u00e4 yleisluonteisiin markkinointitarkoituksiin. Asiakkaalle voidaan l\u00e4hett\u00e4\u00e4 yksitt\u00e4isi\u00e4 tiedotes\u00e4hk\u00f6posteja (enint\u00e4\u00e4n 1\u20132\/vuosi) uusista kirjoista, jos aiemman tilaushistorian perusteella kyseisen kirjan kirjoittaja tai aihe voi kiinnostaa asiakasta. Muunlaisia markkinointiviestej\u00e4 ei l\u00e4hetet\u00e4 ilman asiakkaan erikseen ilmaisemaa toivomusta.<\/p>\n\n\n\n<p id=\"block-dbb5b788-29d0-4aab-9a23-83f8761a6903\">KYSEESS\u00c4 OLEVAT HENKIL\u00d6TIETORYHM\u00c4T: Asiakkaan itse ilmoittama etu- ja sukunimi, yhteystiedot (postiosoite, s\u00e4hk\u00f6postiosoite ja puhelinnumero), tilaustiedot ja laskutustiedot.<\/p>\n\n\n\n<p id=\"block-2914563a-39ee-43b5-974e-f2c746542524\">S\u00c4\u00c4NN\u00d6NMUKAISET TIETOL\u00c4HTEET: Tyrv\u00e4\u00e4n Prykin verkkokaupan asiakasrekisteri koostuu vain asiakkaan itsens\u00e4 antamista nimi- ja yhteystiedoista sek\u00e4 tilauksen yhteydess\u00e4 syntyneist\u00e4 tilaus- ja laskutustiedoista.<\/p>\n\n\n\n<p id=\"block-13eaa7d7-4620-4709-9c48-c9d802eb5562\">HENKIL\u00d6TIETOJEN VASTAANOTTAJAT: Tyrv\u00e4\u00e4n Prykin verkkokauppa toimittaa tilaukset joko Postin kautta tai itse suoraan tilaajalle. Rekisterinpit\u00e4j\u00e4ll\u00e4 on oikeus ilmoittaa tilausten toimittamiseen tarvittavat asiakkaan tiedot Postille. Muuten verkkokaupan rekisteriin tallennettuja tietoja ei luovuteta eteenp\u00e4in kolmansille osapuolille. Tietoja ei siirret\u00e4 EU- ja ETA-alueiden ulkopuolelle. Asiakasrekisterin tietoja k\u00e4ytt\u00e4v\u00e4t vain rekisteri\u00e4 hoitavat henkil\u00f6t ja kirjanpit\u00e4j\u00e4 sek\u00e4 n\u00e4iden lis\u00e4ksi tarvittaessa tietoj\u00e4rjestelmien yll\u00e4pit\u00e4j\u00e4t.<\/p>\n\n\n\n<p id=\"block-e545713f-dd56-45a1-b669-38ad85b2e385\">TIETOJEN S\u00c4ILYTYSAIKA: Tietoja s\u00e4ilytet\u00e4\u00e4n vain se aika, joka on tarpeellinen asiakassuhteen kannalta. Verkkokaupan kautta luoduissa asiakasrekistereiss\u00e4 tietojen s\u00e4ilytysaika on 5 vuotta viimeisimm\u00e4st\u00e4 tilauksesta. Paperisia tositteita s\u00e4ilytet\u00e4\u00e4n kirjanpitolain vaatima s\u00e4ilytysaika.<\/p>\n\n\n\n<p id=\"block-e1162938-02ac-40dc-be00-f838f5e1c2db\">REKISTER\u00d6IDYN YLEISET OIKEUDET: Rekister\u00f6idyll\u00e4 asiakkaalla on oikeus pyyt\u00e4\u00e4 selvitys kaikista tiedoistaan Tyrv\u00e4\u00e4n Prykin verkkokaupan rekisteriss\u00e4. Asiakkaalla on oikeus tietojensa oikaisemiseen ja poistamiseen rekisterist\u00e4. Asiakkaalla on oikeus vaatia tietojensa k\u00e4sittelyn rajoittamista, jos h\u00e4n kiist\u00e4\u00e4 tietojensa paikkansa pit\u00e4vyyden, k\u00e4sittely on lainvastaista, henkil\u00f6tietoja ei en\u00e4\u00e4 tarvita niiden alkuper\u00e4isiin k\u00e4sittelytarkoituksiin tai muissa tietosuoja-asetuksen 18. artiklassa kuvatuissa tilanteissa. Asiakkaalla on oikeus vastustaa tietojensa ker\u00e4\u00e4mist\u00e4. Asiakas voi milloin vain ilmoittaa p\u00e4\u00e4tt\u00e4v\u00e4ns\u00e4 asiakassuhteen, jolloin h\u00e4nen tietonsa poistetaan verkkokaupan s\u00e4hk\u00f6isist\u00e4 rekistereist\u00e4. Kaikissa n\u00e4iss\u00e4 aiheissa asiakas voi ottaa yhteytt\u00e4 Kustannusliike Warelian \/ Tyrv\u00e4\u00e4n Prykin verkkokaupan asiakaspalveluun: w@warelia.fi.<\/p>\n\n\n\n<p id=\"block-e4a3d900-1879-48d3-bdef-7b06c4ac5df5\">OIKEUS TEHD\u00c4 VALITUS VALVONTAVIRANOMAISELLE: Mik\u00e4li rekisterinpit\u00e4j\u00e4n henkil\u00f6tietojesi k\u00e4sittelyyn liittyv\u00e4 toiminta ei mielest\u00e4si ole soveltuvien tietosuojalakien mukaista tai mik\u00e4li rekisterinpit\u00e4j\u00e4 ei mielest\u00e4si ole riitt\u00e4v\u00e4ll\u00e4 tavalla varmistanut oikeuksiesi toteutumista, voit tehd\u00e4 kantelun tietosuoja-asioista vastaavalle valvontaviranomaiselle.<\/p>\n","protected":false},"excerpt":{"rendered":"<p>Tietosuojaseloste Warelia Kustannus Oy:n sivustolle osoitteessa warelia.fi ja Warelian verkkokaupalle (&#8221;Tyrv\u00e4\u00e4n Prykin verkkokauppa&#8221;) osoitteessa https:\/\/holvi.com\/shop\/tyrvaanpryki\/. Voit tarkistaa t\u00e4st\u00e4 selosteesta, miten sinun henkil\u00f6tietojasi k\u00e4sitell\u00e4\u00e4n Warelian sivustolla ja Tyrv\u00e4\u00e4n Prykin verkkokaupassa. REKISTERIN PIT\u00c4J\u00c4: Warelia Kustannus Oy \/ Tyrv\u00e4\u00e4n Prykin verkkokauppa, Marttilankatu 13, 38200 Sastamala, puh. 050 3469 175, y-tunnus 3102573-7, ALV-rekisteriss\u00e4. YHTEYDENOTOT&#8230;<\/p>\n","protected":false},"author":3,"featured_media":0,"parent":0,"menu_order":0,"comment_status":"closed","ping_status":"closed","template":"","meta":[],"_links":{"self":[{"href":"https:\/\/warelia.fi\/index.php\/wp-json\/wp\/v2\/pages\/353"}],"collection":[{"href":"https:\/\/warelia.fi\/index.php\/wp-json\/wp\/v2\/pages"}],"about":[{"href":"https:\/\/warelia.fi\/index.php\/wp-json\/wp\/v2\/types\/page"}],"author":[{"embeddable":true,"href":"https:\/\/warelia.fi\/index.php\/wp-json\/wp\/v2\/users\/3"}],"replies":[{"embeddable":true,"href":"https:\/\/warelia.fi\/index.php\/wp-json\/wp\/v2\/comments?post=353"}],"version-history":[{"count":3,"href":"https:\/\/warelia.fi\/index.php\/wp-json\/wp\/v2\/pages\/353\/revisions"}],"predecessor-version":[{"id":356,"href":"https:\/\/warelia.fi\/index.php\/wp-json\/wp\/v2\/pages\/353\/revisions\/356"}],"wp:attachment":[{"href":"https:\/\/warelia.fi\/index.php\/wp-json\/wp\/v2\/media?parent=353"}],"curies":[{"name":"wp","href":"https:\/\/api.w.org\/{rel}","templated":true}]}}